{"id":1746,"date":"2014-10-16T11:13:20","date_gmt":"2014-10-16T09:13:20","guid":{"rendered":"https:\/\/redesign.urgeschichte.ch\/events\/"},"modified":"2024-10-20T14:43:59","modified_gmt":"2024-10-20T12:43:59","slug":"events","status":"publish","type":"page","link":"https:\/\/www.urgeschichte.ch\/en\/events\/","title":{"rendered":"Events"},"content":{"rendered":"\t\t<div data-elementor-type=\"wp-page\" data-elementor-id=\"1746\" class=\"elementor elementor-1746 elementor-12\">\n\t\t\t\t<div class=\"elementor-element elementor-element-d7609cf e-con-full e-flex e-con e-parent\" data-id=\"d7609cf\" data-element_type=\"container\" data-e-type=\"container\">\n\t\t\t\t<div class=\"elementor-element elementor-element-34baef2 elementor-widget elementor-widget-text-editor\" data-id=\"34baef2\" data-element_type=\"widget\" data-e-type=\"widget\" data-widget_type=\"text-editor.default\">\n\t\t\t\t<div class=\"elementor-widget-container\">\n\t\t\t\t\t\t\t\t\t<p>The Archaeology Society Zug offers its members a number of diverse events, ranging from talks up to guided tours and excursions. <\/p>\n\t\t\t\t\t\t\t\t<\/div>\n\t\t\t\t<\/div>\n\t\t\t\t<\/div>\n\t\t<div class=\"elementor-element elementor-element-f296345 e-grid e-con-full e-con e-parent\" data-id=\"f296345\" data-element_type=\"container\" data-e-type=\"container\">\n\t\t\t\t<div class=\"elementor-element elementor-element-6832be2 elementor-widget elementor-widget-text-editor\" data-id=\"6832be2\" data-element_type=\"widget\" data-e-type=\"widget\" data-widget_type=\"text-editor.default\">\n\t\t\t\t<div class=\"elementor-widget-container\">\n\t\t\t\t\t\t\t\t\t<p><strong>4. DEZEMBER 2024<\/strong><\/p>\n<h3>Landwirtschaft &#8211; Eine faszinierende Entwicklung<\/h3>\n<p>Die wirtschaftliche, gesellschaftliche und kulturelle Ver\u00e4nderung zu Beginn der Jungsteinzeit war wie eine Revolution. Die F\u00fchrung durch die Sonderausstellung beleuchtet die Neuerungen, die unser Leben bis heute pr\u00e4gen. Anschliessend Ap\u00e9ro. Eine Veranstaltung des Arch\u00e4ologischen Vereins Zug, G\u00e4ste sind willkommen.   <\/p>\n\t\t\t\t\t\t\t\t<\/div>\n\t\t\t\t<\/div>\n\t\t\t\t<\/div>\n\t\t<div class=\"elementor-element elementor-element-17cb6ae e-flex e-con-boxed e-con e-parent\" data-id=\"17cb6ae\" data-element_type=\"container\" data-e-type=\"container\">\n\t\t\t\t\t<div class=\"e-con-inner\">\n\t\t\t\t<div class=\"elementor-element elementor-element-31c2e16 elementor-widget elementor-widget-spacer\" data-id=\"31c2e16\" data-element_type=\"widget\" data-e-type=\"widget\" data-widget_type=\"spacer.default\">\n\t\t\t\t<div class=\"elementor-widget-container\">\n\t\t\t\t\t\t\t<div class=\"elementor-spacer\">\n\t\t\t<div class=\"elementor-spacer-inner\"><\/div>\n\t\t<\/div>\n\t\t\t\t\t\t<\/div>\n\t\t\t\t<\/div>\n\t\t\t\t\t<\/div>\n\t\t\t\t<\/div>\n\t\t\t\t<\/div>\n\t\t","protected":false},"excerpt":{"rendered":"<p>The Archaeology Society Zug offers its members a number of diverse events, ranging from talks up to guided tours and [&hellip;]<\/p>\n","protected":false},"author":1,"featured_media":0,"parent":0,"menu_order":2,"comment_status":"closed","ping_status":"closed","template":"","meta":{"site-sidebar-layout":"default","site-content-layout":"","ast-site-content-layout":"default","site-content-style":"default","site-sidebar-style":"default","ast-global-header-display":"","ast-banner-title-visibility":"","ast-main-header-display":"","ast-hfb-above-header-display":"","ast-hfb-below-header-display":"","ast-hfb-mobile-header-display":"","site-post-title":"","ast-breadcrumbs-content":"","ast-featured-img":"","footer-sml-layout":"","ast-disable-related-posts":"","theme-transparent-header-meta":"default","adv-header-id-meta":"","stick-header-meta":"","header-above-stick-meta":"","header-main-stick-meta":"","header-below-stick-meta":"","astra-migrate-meta-layouts":"default","ast-page-background-enabled":"default","ast-page-background-meta":{"desktop":{"background-color":"var(--ast-global-color-4)","background-image":"","background-repeat":"repeat","background-position":"center center","background-size":"auto","background-attachment":"scroll","background-type":"","background-media":"","overlay-type":"","overlay-color":"","overlay-opacity":"","overlay-gradient":""},"tablet":{"background-color":"","background-image":"","background-repeat":"repeat","background-position":"center center","background-size":"auto","background-attachment":"scroll","background-type":"","background-media":"","overlay-type":"","overlay-color":"","overlay-opacity":"","overlay-gradient":""},"mobile":{"background-color":"","background-image":"","background-repeat":"repeat","background-position":"center center","background-size":"auto","background-attachment":"scroll","background-type":"","background-media":"","overlay-type":"","overlay-color":"","overlay-opacity":"","overlay-gradient":""}},"ast-content-background-meta":{"desktop":{"background-color":"var(--ast-global-color-5)","background-image":"","background-repeat":"repeat","background-position":"center center","background-size":"auto","background-attachment":"scroll","background-type":"","background-media":"","overlay-type":"","overlay-color":"","overlay-opacity":"","overlay-gradient":""},"tablet":{"background-color":"var(--ast-global-color-5)","background-image":"","background-repeat":"repeat","background-position":"center center","background-size":"auto","background-attachment":"scroll","background-type":"","background-media":"","overlay-type":"","overlay-color":"","overlay-opacity":"","overlay-gradient":""},"mobile":{"background-color":"var(--ast-global-color-5)","background-image":"","background-repeat":"repeat","background-position":"center center","background-size":"auto","background-attachment":"scroll","background-type":"","background-media":"","overlay-type":"","overlay-color":"","overlay-opacity":"","overlay-gradient":""}},"ngg_post_thumbnail":0,"footnotes":""},"class_list":["post-1746","page","type-page","status-publish","hentry"],"yoast_head":"<!-- This site is optimized with the Yoast SEO plugin v27.2 - https:\/\/yoast.com\/product\/yoast-seo-wordpress\/ -->\n<title>Events - Arch\u00e4ologischer Verein Zug<\/title>\n<meta name=\"robots\" content=\"index, follow, max-snippet:-1, max-image-preview:large, max-video-preview:-1\" \/>\n<link rel=\"canonical\" href=\"https:\/\/www.urgeschichte.ch\/en\/events\/\" \/>\n<meta property=\"og:locale\" content=\"en_US\" \/>\n<meta property=\"og:type\" content=\"article\" \/>\n<meta property=\"og:title\" content=\"Events - Arch\u00e4ologischer Verein Zug\" \/>\n<meta property=\"og:description\" content=\"The Archaeology Society Zug offers its members a number of diverse events, ranging from talks up to guided tours and [&hellip;]\" \/>\n<meta property=\"og:url\" content=\"https:\/\/www.urgeschichte.ch\/en\/events\/\" \/>\n<meta property=\"og:site_name\" content=\"Arch\u00e4ologischer Verein Zug\" \/>\n<meta property=\"article:modified_time\" content=\"2024-10-20T12:43:59+00:00\" \/>\n<meta name=\"twitter:card\" content=\"summary_large_image\" \/>\n<script type=\"application\/ld+json\" class=\"yoast-schema-graph\">{\"@context\":\"https:\/\/schema.org\",\"@graph\":[{\"@type\":\"WebPage\",\"@id\":\"https:\/\/www.urgeschichte.ch\/en\/events\/\",\"url\":\"https:\/\/www.urgeschichte.ch\/en\/events\/\",\"name\":\"Events - Arch\u00e4ologischer Verein Zug\",\"isPartOf\":{\"@id\":\"https:\/\/www.urgeschichte.ch\/#website\"},\"datePublished\":\"2014-10-16T09:13:20+00:00\",\"dateModified\":\"2024-10-20T12:43:59+00:00\",\"breadcrumb\":{\"@id\":\"https:\/\/www.urgeschichte.ch\/en\/events\/#breadcrumb\"},\"inLanguage\":\"en-US\",\"potentialAction\":[{\"@type\":\"ReadAction\",\"target\":[\"https:\/\/www.urgeschichte.ch\/en\/events\/\"]}]},{\"@type\":\"BreadcrumbList\",\"@id\":\"https:\/\/www.urgeschichte.ch\/en\/events\/#breadcrumb\",\"itemListElement\":[{\"@type\":\"ListItem\",\"position\":1,\"name\":\"Startseite\",\"item\":\"https:\/\/www.urgeschichte.ch\/en\/\"},{\"@type\":\"ListItem\",\"position\":2,\"name\":\"Events\"}]},{\"@type\":\"WebSite\",\"@id\":\"https:\/\/www.urgeschichte.ch\/#website\",\"url\":\"https:\/\/www.urgeschichte.ch\/\",\"name\":\"Arch\u00e4ologischer Verein Zug\",\"description\":\"\",\"publisher\":{\"@id\":\"https:\/\/www.urgeschichte.ch\/#organization\"},\"potentialAction\":[{\"@type\":\"SearchAction\",\"target\":{\"@type\":\"EntryPoint\",\"urlTemplate\":\"https:\/\/www.urgeschichte.ch\/?s={search_term_string}\"},\"query-input\":{\"@type\":\"PropertyValueSpecification\",\"valueRequired\":true,\"valueName\":\"search_term_string\"}}],\"inLanguage\":\"en-US\"},{\"@type\":\"Organization\",\"@id\":\"https:\/\/www.urgeschichte.ch\/#organization\",\"name\":\"Arch\u00e4ologischer Verein Zug\",\"url\":\"https:\/\/www.urgeschichte.ch\/\",\"logo\":{\"@type\":\"ImageObject\",\"inLanguage\":\"en-US\",\"@id\":\"https:\/\/www.urgeschichte.ch\/#\/schema\/logo\/image\/\",\"url\":\"https:\/\/www.urgeschichte.ch\/wp-content\/uploads\/2014\/10\/cropped-AVZ-logo7-NOIR-150x50mm-300dpi.png\",\"contentUrl\":\"https:\/\/www.urgeschichte.ch\/wp-content\/uploads\/2014\/10\/cropped-AVZ-logo7-NOIR-150x50mm-300dpi.png\",\"width\":1866,\"height\":622,\"caption\":\"Arch\u00e4ologischer Verein Zug\"},\"image\":{\"@id\":\"https:\/\/www.urgeschichte.ch\/#\/schema\/logo\/image\/\"}}]}<\/script>\n<!-- \/ Yoast SEO plugin. -->","yoast_head_json":{"title":"Events - Arch\u00e4ologischer Verein Zug","robots":{"index":"index","follow":"follow","max-snippet":"max-snippet:-1","max-image-preview":"max-image-preview:large","max-video-preview":"max-video-preview:-1"},"canonical":"https:\/\/www.urgeschichte.ch\/en\/events\/","og_locale":"en_US","og_type":"article","og_title":"Events - Arch\u00e4ologischer Verein Zug","og_description":"The Archaeology Society Zug offers its members a number of diverse events, ranging from talks up to guided tours and [&hellip;]","og_url":"https:\/\/www.urgeschichte.ch\/en\/events\/","og_site_name":"Arch\u00e4ologischer Verein Zug","article_modified_time":"2024-10-20T12:43:59+00:00","twitter_card":"summary_large_image","schema":{"@context":"https:\/\/schema.org","@graph":[{"@type":"WebPage","@id":"https:\/\/www.urgeschichte.ch\/en\/events\/","url":"https:\/\/www.urgeschichte.ch\/en\/events\/","name":"Events - Arch\u00e4ologischer Verein Zug","isPartOf":{"@id":"https:\/\/www.urgeschichte.ch\/#website"},"datePublished":"2014-10-16T09:13:20+00:00","dateModified":"2024-10-20T12:43:59+00:00","breadcrumb":{"@id":"https:\/\/www.urgeschichte.ch\/en\/events\/#breadcrumb"},"inLanguage":"en-US","potentialAction":[{"@type":"ReadAction","target":["https:\/\/www.urgeschichte.ch\/en\/events\/"]}]},{"@type":"BreadcrumbList","@id":"https:\/\/www.urgeschichte.ch\/en\/events\/#breadcrumb","itemListElement":[{"@type":"ListItem","position":1,"name":"Startseite","item":"https:\/\/www.urgeschichte.ch\/en\/"},{"@type":"ListItem","position":2,"name":"Events"}]},{"@type":"WebSite","@id":"https:\/\/www.urgeschichte.ch\/#website","url":"https:\/\/www.urgeschichte.ch\/","name":"Arch\u00e4ologischer Verein Zug","description":"","publisher":{"@id":"https:\/\/www.urgeschichte.ch\/#organization"},"potentialAction":[{"@type":"SearchAction","target":{"@type":"EntryPoint","urlTemplate":"https:\/\/www.urgeschichte.ch\/?s={search_term_string}"},"query-input":{"@type":"PropertyValueSpecification","valueRequired":true,"valueName":"search_term_string"}}],"inLanguage":"en-US"},{"@type":"Organization","@id":"https:\/\/www.urgeschichte.ch\/#organization","name":"Arch\u00e4ologischer Verein Zug","url":"https:\/\/www.urgeschichte.ch\/","logo":{"@type":"ImageObject","inLanguage":"en-US","@id":"https:\/\/www.urgeschichte.ch\/#\/schema\/logo\/image\/","url":"https:\/\/www.urgeschichte.ch\/wp-content\/uploads\/2014\/10\/cropped-AVZ-logo7-NOIR-150x50mm-300dpi.png","contentUrl":"https:\/\/www.urgeschichte.ch\/wp-content\/uploads\/2014\/10\/cropped-AVZ-logo7-NOIR-150x50mm-300dpi.png","width":1866,"height":622,"caption":"Arch\u00e4ologischer Verein Zug"},"image":{"@id":"https:\/\/www.urgeschichte.ch\/#\/schema\/logo\/image\/"}}]}},"_links":{"self":[{"href":"https:\/\/www.urgeschichte.ch\/en\/wp-json\/wp\/v2\/pages\/1746","targetHints":{"allow":["GET"]}}],"collection":[{"href":"https:\/\/www.urgeschichte.ch\/en\/wp-json\/wp\/v2\/pages"}],"about":[{"href":"https:\/\/www.urgeschichte.ch\/en\/wp-json\/wp\/v2\/types\/page"}],"author":[{"embeddable":true,"href":"https:\/\/www.urgeschichte.ch\/en\/wp-json\/wp\/v2\/users\/1"}],"replies":[{"embeddable":true,"href":"https:\/\/www.urgeschichte.ch\/en\/wp-json\/wp\/v2\/comments?post=1746"}],"version-history":[{"count":1,"href":"https:\/\/www.urgeschichte.ch\/en\/wp-json\/wp\/v2\/pages\/1746\/revisions"}],"predecessor-version":[{"id":1747,"href":"https:\/\/www.urgeschichte.ch\/en\/wp-json\/wp\/v2\/pages\/1746\/revisions\/1747"}],"wp:attachment":[{"href":"https:\/\/www.urgeschichte.ch\/en\/wp-json\/wp\/v2\/media?parent=1746"}],"curies":[{"name":"wp","href":"https:\/\/api.w.org\/{rel}","templated":true}]}}