{"id":1751,"date":"2014-10-16T11:13:45","date_gmt":"2014-10-16T09:13:45","guid":{"rendered":"https:\/\/redesign.urgeschichte.ch\/archaeology-in-the-canton-of-zug\/"},"modified":"2024-10-20T14:49:13","modified_gmt":"2024-10-20T12:49:13","slug":"archaeology-in-the-canton-of-zug","status":"publish","type":"page","link":"https:\/\/www.urgeschichte.ch\/en\/archaeology-in-the-canton-of-zug\/","title":{"rendered":"Archaeology in the Canton of Zug"},"content":{"rendered":"\t\t<div data-elementor-type=\"wp-page\" data-elementor-id=\"1751\" class=\"elementor elementor-1751 elementor-18\">\n\t\t\t\t<div class=\"elementor-element elementor-element-60abba8d e-con-full e-flex e-con e-parent\" data-id=\"60abba8d\" data-element_type=\"container\" data-e-type=\"container\">\n\t\t\t\t<div class=\"elementor-element elementor-element-d66a616 elementor-widget elementor-widget-image-carousel\" data-id=\"d66a616\" data-element_type=\"widget\" data-e-type=\"widget\" data-settings=\"{&quot;slides_to_show&quot;:&quot;1&quot;,&quot;navigation&quot;:&quot;none&quot;,&quot;autoplay&quot;:&quot;yes&quot;,&quot;pause_on_hover&quot;:&quot;yes&quot;,&quot;pause_on_interaction&quot;:&quot;yes&quot;,&quot;autoplay_speed&quot;:5000,&quot;infinite&quot;:&quot;yes&quot;,&quot;effect&quot;:&quot;slide&quot;,&quot;speed&quot;:500}\" data-widget_type=\"image-carousel.default\">\n\t\t\t\t<div class=\"elementor-widget-container\">\n\t\t\t\t\t\t\t<div class=\"elementor-image-carousel-wrapper swiper\" role=\"region\" aria-roledescription=\"carousel\" aria-label=\"Image Carousel\" dir=\"ltr\">\n\t\t\t<div class=\"elementor-image-carousel swiper-wrapper swiper-image-stretch\" aria-live=\"off\">\n\t\t\t\t\t\t\t\t<div class=\"swiper-slide\" role=\"group\" aria-roledescription=\"slide\" aria-label=\"1 of 1\"><figure class=\"swiper-slide-inner\"><img decoding=\"async\" class=\"swiper-slide-image\" src=\"https:\/\/redesign.urgeschichte.ch\/wp-content\/uploads\/2014\/12\/KMUZ_20110518_-7-e1419108397848.jpg\" alt=\"\" \/><\/figure><\/div>\t\t\t<\/div>\n\t\t\t\t\t<\/div>\n\t\t\t\t\t\t<\/div>\n\t\t\t\t<\/div>\n\t\t\t\t<div class=\"elementor-element elementor-element-9f3c022 elementor-widget elementor-widget-spacer\" data-id=\"9f3c022\" data-element_type=\"widget\" data-e-type=\"widget\" data-widget_type=\"spacer.default\">\n\t\t\t\t<div class=\"elementor-widget-container\">\n\t\t\t\t\t\t\t<div class=\"elementor-spacer\">\n\t\t\t<div class=\"elementor-spacer-inner\"><\/div>\n\t\t<\/div>\n\t\t\t\t\t\t<\/div>\n\t\t\t\t<\/div>\n\t\t\t\t<\/div>\n\t\t<div class=\"elementor-element elementor-element-40127e3 e-con-full e-flex e-con e-parent\" data-id=\"40127e3\" data-element_type=\"container\" data-e-type=\"container\">\n\t\t<div class=\"elementor-element elementor-element-a683012 e-con-full e-flex e-con e-child\" data-id=\"a683012\" data-element_type=\"container\" data-e-type=\"container\">\n\t\t\t\t<div class=\"elementor-element elementor-element-662c90bd elementor-widget elementor-widget-text-editor\" data-id=\"662c90bd\" data-element_type=\"widget\" data-e-type=\"widget\" data-widget_type=\"text-editor.default\">\n\t\t\t\t<div class=\"elementor-widget-container\">\n\t\t\t\t\t\t\t\t\t<h2>Museum of Prehistory Zug<\/h2>\n<p>The museum\u2019s permanent exhibition takes visitors of all ages on a journey into the past of the Canton of Zug, from the Palaeolithic right up to the Early Middle Ages. Various models and stories make it easy to dive into history and bring back to life the day-to-day life of epochs gone by. Special exhibitions with a number of different activities and workshops are the cherry on top.   <\/p>\n<h3>Opening Hours<\/h3>\n<p>Tuesday to Sunday, 14 \u2013 17 o\u2019clock<\/p>\n<p>Museum of Prehistory Zug<br \/>Hofstrasse 15<br \/>6300 Zug<br \/><a href=\"http:\/\/www.urgeschichte-zug.ch\/\" target=\"_blank\" rel=\"noopener\">http:\/\/www.urgeschichte-zug.ch\/<\/a><\/p>\n\t\t\t\t\t\t\t\t<\/div>\n\t\t\t\t<\/div>\n\t\t\t\t<\/div>\n\t\t<div class=\"elementor-element elementor-element-2102b78 e-con-full e-flex e-con e-child\" data-id=\"2102b78\" data-element_type=\"container\" data-e-type=\"container\">\n\t\t\t\t<div class=\"elementor-element elementor-element-c776766 elementor-widget elementor-widget-text-editor\" data-id=\"c776766\" data-element_type=\"widget\" data-e-type=\"widget\" data-widget_type=\"text-editor.default\">\n\t\t\t\t<div class=\"elementor-widget-container\">\n\t\t\t\t\t\t\t\t\t<h2>Office of the Preservation of Ancient Monuments and Archaeology<\/h2>\n<p>The Office is responsible for the upkeep, care, documentation and research of all archaeological and architectural heritage of the canton of Zug. Its employees examine houses meant for reconstruction or demolition and document potential archaeological finds, or are responsible for the archiving and preservation of the objects. The conducted research forms the basis of the work of the department of preservation of historical monuments and building consultation, or are being scientifically evaluated and published by the individual departments.  <\/p>\n<p>Office of the Preservation of Ancient Monuments and Archaeology<br \/>Hofstrasse 15<br \/>6300 Zug<br \/><a href=\"http:\/\/www.zg.ch\/ada\" target=\"_blank\" rel=\"noopener\">www.zg.ch\/ada<\/a><\/p>\n\t\t\t\t\t\t\t\t<\/div>\n\t\t\t\t<\/div>\n\t\t\t\t<div class=\"elementor-element elementor-element-d282916 elementor-widget-divider--view-line elementor-widget elementor-widget-divider\" data-id=\"d282916\" data-element_type=\"widget\" data-e-type=\"widget\" data-widget_type=\"divider.default\">\n\t\t\t\t<div class=\"elementor-widget-container\">\n\t\t\t\t\t\t\t<div class=\"elementor-divider\">\n\t\t\t<span class=\"elementor-divider-separator\">\n\t\t\t\t\t\t<\/span>\n\t\t<\/div>\n\t\t\t\t\t\t<\/div>\n\t\t\t\t<\/div>\n\t\t\t\t<div class=\"elementor-element elementor-element-916e42a elementor-widget elementor-widget-text-editor\" data-id=\"916e42a\" data-element_type=\"widget\" data-e-type=\"widget\" data-widget_type=\"text-editor.default\">\n\t\t\t\t<div class=\"elementor-widget-container\">\n\t\t\t\t\t\t\t\t\t<h2>Links<\/h2>\n<ul>\n<li><a href=\"http:\/\/www.pfahlbau.ch\/\" target=\"_blank\" rel=\"noopener\">Pfahlbauten Zug<\/a><\/li>\n<li><a href=\"http:\/\/www.palafittes.org\/de\/index.html\" target=\"_blank\" rel=\"noopener\">Pr\u00e4historische Pfahlbauten um die Alpen<\/a><\/li>\n<li><a href=\"http:\/\/www.archaeologie-schweiz.ch\/\" target=\"_blank\" rel=\"noopener\">Arch\u00e4ologie Schweiz<\/a><\/li>\n<li><a href=\"http:\/\/www.ch-antiquitas.ch\/antiquitas\" target=\"_blank\" rel=\"noopener\">Fachportal Altertumswissenschaften<\/a><\/li>\n<li><a href=\"https:\/\/www.archaeologie-erlebnis.eu\/\" target=\"_blank\" rel=\"noopener\">Erlebnisarch\u00e4ologie<\/a><\/li>\n<li><a href=\"https:\/\/avlu.ch\/\" target=\"_blank\" rel=\"noopener\">Arch\u00e4ologischer Verein Luzern<\/a><\/li>\n<li><a href=\"http:\/\/zuercher-zirkel.ch\/\" target=\"_blank\" rel=\"noopener\">Z\u00fcrcher Zirkel f\u00fcr Ur- und Fr\u00fchgeschichte<\/a><\/li>\n<li><a href=\"http:\/\/berner-zirkel.ch\/\" target=\"_blank\" rel=\"noopener\">Berner Zirkel f\u00fcr Ur- und Fr\u00fchgeschichte<\/a><\/li>\n<li><a href=\"http:\/\/basler-zirkel.ch\/\" target=\"_blank\" rel=\"noopener\">Basler Zirkel f\u00fcr Ur- und Fr\u00fchgeschichte<\/a><\/li>\n<\/ul>\n\t\t\t\t\t\t\t\t<\/div>\n\t\t\t\t<\/div>\n\t\t\t\t<\/div>\n\t\t\t\t<\/div>\n\t\t\t\t<\/div>\n\t\t","protected":false},"excerpt":{"rendered":"<p>Museum of Prehistory Zug The museum\u2019s permanent exhibition takes visitors of all ages on a journey into the past of [&hellip;]<\/p>\n","protected":false},"author":1,"featured_media":0,"parent":0,"menu_order":5,"comment_status":"closed","ping_status":"closed","template":"","meta":{"site-sidebar-layout":"default","site-content-layout":"","ast-site-content-layout":"default","site-content-style":"default","site-sidebar-style":"default","ast-global-header-display":"","ast-banner-title-visibility":"","ast-main-header-display":"","ast-hfb-above-header-display":"","ast-hfb-below-header-display":"","ast-hfb-mobile-header-display":"","site-post-title":"","ast-breadcrumbs-content":"","ast-featured-img":"","footer-sml-layout":"","ast-disable-related-posts":"","theme-transparent-header-meta":"default","adv-header-id-meta":"","stick-header-meta":"","header-above-stick-meta":"","header-main-stick-meta":"","header-below-stick-meta":"","astra-migrate-meta-layouts":"default","ast-page-background-enabled":"default","ast-page-background-meta":{"desktop":{"background-color":"var(--ast-global-color-4)","background-image":"","background-repeat":"repeat","background-position":"center center","background-size":"auto","background-attachment":"scroll","background-type":"","background-media":"","overlay-type":"","overlay-color":"","overlay-opacity":"","overlay-gradient":""},"tablet":{"background-color":"","background-image":"","background-repeat":"repeat","background-position":"center center","background-size":"auto","background-attachment":"scroll","background-type":"","background-media":"","overlay-type":"","overlay-color":"","overlay-opacity":"","overlay-gradient":""},"mobile":{"background-color":"","background-image":"","background-repeat":"repeat","background-position":"center center","background-size":"auto","background-attachment":"scroll","background-type":"","background-media":"","overlay-type":"","overlay-color":"","overlay-opacity":"","overlay-gradient":""}},"ast-content-background-meta":{"desktop":{"background-color":"var(--ast-global-color-5)","background-image":"","background-repeat":"repeat","background-position":"center center","background-size":"auto","background-attachment":"scroll","background-type":"","background-media":"","overlay-type":"","overlay-color":"","overlay-opacity":"","overlay-gradient":""},"tablet":{"background-color":"var(--ast-global-color-5)","background-image":"","background-repeat":"repeat","background-position":"center center","background-size":"auto","background-attachment":"scroll","background-type":"","background-media":"","overlay-type":"","overlay-color":"","overlay-opacity":"","overlay-gradient":""},"mobile":{"background-color":"var(--ast-global-color-5)","background-image":"","background-repeat":"repeat","background-position":"center center","background-size":"auto","background-attachment":"scroll","background-type":"","background-media":"","overlay-type":"","overlay-color":"","overlay-opacity":"","overlay-gradient":""}},"ngg_post_thumbnail":0,"footnotes":""},"class_list":["post-1751","page","type-page","status-publish","hentry"],"yoast_head":"<!-- This site is optimized with the Yoast SEO plugin v27.2 - https:\/\/yoast.com\/product\/yoast-seo-wordpress\/ -->\n<title>Archaeology in the Canton of Zug - Arch\u00e4ologischer Verein Zug<\/title>\n<meta name=\"robots\" content=\"index, follow, max-snippet:-1, max-image-preview:large, max-video-preview:-1\" \/>\n<link rel=\"canonical\" href=\"https:\/\/www.urgeschichte.ch\/en\/archaeology-in-the-canton-of-zug\/\" \/>\n<meta property=\"og:locale\" content=\"en_US\" \/>\n<meta property=\"og:type\" content=\"article\" \/>\n<meta property=\"og:title\" content=\"Archaeology in the Canton of Zug - Arch\u00e4ologischer Verein Zug\" \/>\n<meta property=\"og:description\" content=\"Museum of Prehistory Zug The museum\u2019s permanent exhibition takes visitors of all ages on a journey into the past of [&hellip;]\" \/>\n<meta property=\"og:url\" content=\"https:\/\/www.urgeschichte.ch\/en\/archaeology-in-the-canton-of-zug\/\" \/>\n<meta property=\"og:site_name\" content=\"Arch\u00e4ologischer Verein Zug\" \/>\n<meta property=\"article:modified_time\" content=\"2024-10-20T12:49:13+00:00\" \/>\n<meta property=\"og:image\" content=\"https:\/\/www.urgeschichte.ch\/wp-content\/uploads\/elementor\/thumbs\/KMUZ_20110518_-7-e1419108397848-qto1homj4xg00ht2e98yy5douz1kyyv1fqonc7idgg.jpg\" \/>\n<meta name=\"twitter:card\" content=\"summary_large_image\" \/>\n<meta name=\"twitter:label1\" content=\"Est. reading time\" \/>\n\t<meta name=\"twitter:data1\" content=\"1 minute\" \/>\n<script type=\"application\/ld+json\" class=\"yoast-schema-graph\">{\"@context\":\"https:\/\/schema.org\",\"@graph\":[{\"@type\":\"WebPage\",\"@id\":\"https:\/\/www.urgeschichte.ch\/en\/archaeology-in-the-canton-of-zug\/\",\"url\":\"https:\/\/www.urgeschichte.ch\/en\/archaeology-in-the-canton-of-zug\/\",\"name\":\"Archaeology in the Canton of Zug - Arch\u00e4ologischer Verein Zug\",\"isPartOf\":{\"@id\":\"https:\/\/www.urgeschichte.ch\/#website\"},\"primaryImageOfPage\":{\"@id\":\"https:\/\/www.urgeschichte.ch\/en\/archaeology-in-the-canton-of-zug\/#primaryimage\"},\"image\":{\"@id\":\"https:\/\/www.urgeschichte.ch\/en\/archaeology-in-the-canton-of-zug\/#primaryimage\"},\"thumbnailUrl\":\"https:\/\/www.urgeschichte.ch\/wp-content\/uploads\/elementor\/thumbs\/KMUZ_20110518_-7-e1419108397848-qto1homj4xg00ht2e98yy5douz1kyyv1fqonc7idgg.jpg\",\"datePublished\":\"2014-10-16T09:13:45+00:00\",\"dateModified\":\"2024-10-20T12:49:13+00:00\",\"breadcrumb\":{\"@id\":\"https:\/\/www.urgeschichte.ch\/en\/archaeology-in-the-canton-of-zug\/#breadcrumb\"},\"inLanguage\":\"en-US\",\"potentialAction\":[{\"@type\":\"ReadAction\",\"target\":[\"https:\/\/www.urgeschichte.ch\/en\/archaeology-in-the-canton-of-zug\/\"]}]},{\"@type\":\"ImageObject\",\"inLanguage\":\"en-US\",\"@id\":\"https:\/\/www.urgeschichte.ch\/en\/archaeology-in-the-canton-of-zug\/#primaryimage\",\"url\":\"https:\/\/www.urgeschichte.ch\/wp-content\/uploads\/elementor\/thumbs\/KMUZ_20110518_-7-e1419108397848-qto1homj4xg00ht2e98yy5douz1kyyv1fqonc7idgg.jpg\",\"contentUrl\":\"https:\/\/www.urgeschichte.ch\/wp-content\/uploads\/elementor\/thumbs\/KMUZ_20110518_-7-e1419108397848-qto1homj4xg00ht2e98yy5douz1kyyv1fqonc7idgg.jpg\"},{\"@type\":\"BreadcrumbList\",\"@id\":\"https:\/\/www.urgeschichte.ch\/en\/archaeology-in-the-canton-of-zug\/#breadcrumb\",\"itemListElement\":[{\"@type\":\"ListItem\",\"position\":1,\"name\":\"Startseite\",\"item\":\"https:\/\/www.urgeschichte.ch\/en\/\"},{\"@type\":\"ListItem\",\"position\":2,\"name\":\"Archaeology in the Canton of Zug\"}]},{\"@type\":\"WebSite\",\"@id\":\"https:\/\/www.urgeschichte.ch\/#website\",\"url\":\"https:\/\/www.urgeschichte.ch\/\",\"name\":\"Arch\u00e4ologischer Verein Zug\",\"description\":\"\",\"publisher\":{\"@id\":\"https:\/\/www.urgeschichte.ch\/#organization\"},\"potentialAction\":[{\"@type\":\"SearchAction\",\"target\":{\"@type\":\"EntryPoint\",\"urlTemplate\":\"https:\/\/www.urgeschichte.ch\/?s={search_term_string}\"},\"query-input\":{\"@type\":\"PropertyValueSpecification\",\"valueRequired\":true,\"valueName\":\"search_term_string\"}}],\"inLanguage\":\"en-US\"},{\"@type\":\"Organization\",\"@id\":\"https:\/\/www.urgeschichte.ch\/#organization\",\"name\":\"Arch\u00e4ologischer Verein Zug\",\"url\":\"https:\/\/www.urgeschichte.ch\/\",\"logo\":{\"@type\":\"ImageObject\",\"inLanguage\":\"en-US\",\"@id\":\"https:\/\/www.urgeschichte.ch\/#\/schema\/logo\/image\/\",\"url\":\"https:\/\/www.urgeschichte.ch\/wp-content\/uploads\/2014\/10\/cropped-AVZ-logo7-NOIR-150x50mm-300dpi.png\",\"contentUrl\":\"https:\/\/www.urgeschichte.ch\/wp-content\/uploads\/2014\/10\/cropped-AVZ-logo7-NOIR-150x50mm-300dpi.png\",\"width\":1866,\"height\":622,\"caption\":\"Arch\u00e4ologischer Verein Zug\"},\"image\":{\"@id\":\"https:\/\/www.urgeschichte.ch\/#\/schema\/logo\/image\/\"}}]}<\/script>\n<!-- \/ Yoast SEO plugin. -->","yoast_head_json":{"title":"Archaeology in the Canton of Zug - Arch\u00e4ologischer Verein Zug","robots":{"index":"index","follow":"follow","max-snippet":"max-snippet:-1","max-image-preview":"max-image-preview:large","max-video-preview":"max-video-preview:-1"},"canonical":"https:\/\/www.urgeschichte.ch\/en\/archaeology-in-the-canton-of-zug\/","og_locale":"en_US","og_type":"article","og_title":"Archaeology in the Canton of Zug - Arch\u00e4ologischer Verein Zug","og_description":"Museum of Prehistory Zug The museum\u2019s permanent exhibition takes visitors of all ages on a journey into the past of [&hellip;]","og_url":"https:\/\/www.urgeschichte.ch\/en\/archaeology-in-the-canton-of-zug\/","og_site_name":"Arch\u00e4ologischer Verein Zug","article_modified_time":"2024-10-20T12:49:13+00:00","og_image":[{"url":"https:\/\/www.urgeschichte.ch\/wp-content\/uploads\/elementor\/thumbs\/KMUZ_20110518_-7-e1419108397848-qto1homj4xg00ht2e98yy5douz1kyyv1fqonc7idgg.jpg","type":"","width":"","height":""}],"twitter_card":"summary_large_image","twitter_misc":{"Est. reading time":"1 minute"},"schema":{"@context":"https:\/\/schema.org","@graph":[{"@type":"WebPage","@id":"https:\/\/www.urgeschichte.ch\/en\/archaeology-in-the-canton-of-zug\/","url":"https:\/\/www.urgeschichte.ch\/en\/archaeology-in-the-canton-of-zug\/","name":"Archaeology in the Canton of Zug - Arch\u00e4ologischer Verein Zug","isPartOf":{"@id":"https:\/\/www.urgeschichte.ch\/#website"},"primaryImageOfPage":{"@id":"https:\/\/www.urgeschichte.ch\/en\/archaeology-in-the-canton-of-zug\/#primaryimage"},"image":{"@id":"https:\/\/www.urgeschichte.ch\/en\/archaeology-in-the-canton-of-zug\/#primaryimage"},"thumbnailUrl":"https:\/\/www.urgeschichte.ch\/wp-content\/uploads\/elementor\/thumbs\/KMUZ_20110518_-7-e1419108397848-qto1homj4xg00ht2e98yy5douz1kyyv1fqonc7idgg.jpg","datePublished":"2014-10-16T09:13:45+00:00","dateModified":"2024-10-20T12:49:13+00:00","breadcrumb":{"@id":"https:\/\/www.urgeschichte.ch\/en\/archaeology-in-the-canton-of-zug\/#breadcrumb"},"inLanguage":"en-US","potentialAction":[{"@type":"ReadAction","target":["https:\/\/www.urgeschichte.ch\/en\/archaeology-in-the-canton-of-zug\/"]}]},{"@type":"ImageObject","inLanguage":"en-US","@id":"https:\/\/www.urgeschichte.ch\/en\/archaeology-in-the-canton-of-zug\/#primaryimage","url":"https:\/\/www.urgeschichte.ch\/wp-content\/uploads\/elementor\/thumbs\/KMUZ_20110518_-7-e1419108397848-qto1homj4xg00ht2e98yy5douz1kyyv1fqonc7idgg.jpg","contentUrl":"https:\/\/www.urgeschichte.ch\/wp-content\/uploads\/elementor\/thumbs\/KMUZ_20110518_-7-e1419108397848-qto1homj4xg00ht2e98yy5douz1kyyv1fqonc7idgg.jpg"},{"@type":"BreadcrumbList","@id":"https:\/\/www.urgeschichte.ch\/en\/archaeology-in-the-canton-of-zug\/#breadcrumb","itemListElement":[{"@type":"ListItem","position":1,"name":"Startseite","item":"https:\/\/www.urgeschichte.ch\/en\/"},{"@type":"ListItem","position":2,"name":"Archaeology in the Canton of Zug"}]},{"@type":"WebSite","@id":"https:\/\/www.urgeschichte.ch\/#website","url":"https:\/\/www.urgeschichte.ch\/","name":"Arch\u00e4ologischer Verein Zug","description":"","publisher":{"@id":"https:\/\/www.urgeschichte.ch\/#organization"},"potentialAction":[{"@type":"SearchAction","target":{"@type":"EntryPoint","urlTemplate":"https:\/\/www.urgeschichte.ch\/?s={search_term_string}"},"query-input":{"@type":"PropertyValueSpecification","valueRequired":true,"valueName":"search_term_string"}}],"inLanguage":"en-US"},{"@type":"Organization","@id":"https:\/\/www.urgeschichte.ch\/#organization","name":"Arch\u00e4ologischer Verein Zug","url":"https:\/\/www.urgeschichte.ch\/","logo":{"@type":"ImageObject","inLanguage":"en-US","@id":"https:\/\/www.urgeschichte.ch\/#\/schema\/logo\/image\/","url":"https:\/\/www.urgeschichte.ch\/wp-content\/uploads\/2014\/10\/cropped-AVZ-logo7-NOIR-150x50mm-300dpi.png","contentUrl":"https:\/\/www.urgeschichte.ch\/wp-content\/uploads\/2014\/10\/cropped-AVZ-logo7-NOIR-150x50mm-300dpi.png","width":1866,"height":622,"caption":"Arch\u00e4ologischer Verein Zug"},"image":{"@id":"https:\/\/www.urgeschichte.ch\/#\/schema\/logo\/image\/"}}]}},"_links":{"self":[{"href":"https:\/\/www.urgeschichte.ch\/en\/wp-json\/wp\/v2\/pages\/1751","targetHints":{"allow":["GET"]}}],"collection":[{"href":"https:\/\/www.urgeschichte.ch\/en\/wp-json\/wp\/v2\/pages"}],"about":[{"href":"https:\/\/www.urgeschichte.ch\/en\/wp-json\/wp\/v2\/types\/page"}],"author":[{"embeddable":true,"href":"https:\/\/www.urgeschichte.ch\/en\/wp-json\/wp\/v2\/users\/1"}],"replies":[{"embeddable":true,"href":"https:\/\/www.urgeschichte.ch\/en\/wp-json\/wp\/v2\/comments?post=1751"}],"version-history":[{"count":1,"href":"https:\/\/www.urgeschichte.ch\/en\/wp-json\/wp\/v2\/pages\/1751\/revisions"}],"predecessor-version":[{"id":1752,"href":"https:\/\/www.urgeschichte.ch\/en\/wp-json\/wp\/v2\/pages\/1751\/revisions\/1752"}],"wp:attachment":[{"href":"https:\/\/www.urgeschichte.ch\/en\/wp-json\/wp\/v2\/media?parent=1751"}],"curies":[{"name":"wp","href":"https:\/\/api.w.org\/{rel}","templated":true}]}}